{"id":81,"date":"2012-11-07T12:06:57","date_gmt":"2012-11-07T10:06:57","guid":{"rendered":"http:\/\/pirjosalo.net\/?page_id=81"},"modified":"2025-01-02T07:15:30","modified_gmt":"2025-01-02T05:15:30","slug":"hieronta","status":"publish","type":"page","link":"https:\/\/pirjosalo.net\/?page_id=81","title":{"rendered":"Hoidot"},"content":{"rendered":"<p><em>Hieronta<\/em><\/p>\n<p>Kehoa kuunteleva hieronta koostuu klassisesta- ja mobilisoivasta hieronnasta sek\u00e4 trigger-piste k\u00e4sittelyst\u00e4.<\/p>\n<p>Kysy tarjousta sarjahoidoista. 30 min. 30\u20ac, 60 min. 60\u20ac, 80min. 80\u20ac. Smartum ja epassi k\u00e4yv\u00e4t my\u00f6s maksuv\u00e4lineen\u00e4.<\/p>\n<p><em>\u00a0<\/em><\/p>\n<p><strong>Psykofyysiset:<\/strong><\/p>\n<p>Rosen-kehoterapia 85\u20ac.<\/p>\n<p>Essential motion-liiketerapeuttinen yksil\u00f6ty\u00f6skentely 85\u20ac<\/p>\n","protected":false},"excerpt":{"rendered":"<p>Hieronta Kehoa kuunteleva hieronta koostuu klassisesta- ja mobilisoivasta hieronnasta sek\u00e4 trigger-piste k\u00e4sittelyst\u00e4. Kysy tarjousta sarjahoidoista. 30 min. 30\u20ac, 60 min. 60\u20ac, 80min. 80\u20ac. Smartum ja epassi k\u00e4yv\u00e4t my\u00f6s maksuv\u00e4lineen\u00e4. \u00a0 &hellip; <\/p>\n","protected":false},"author":1,"featured_media":594,"parent":0,"menu_order":3,"comment_status":"closed","ping_status":"closed","template":"","meta":[],"_links":{"self":[{"href":"https:\/\/pirjosalo.net\/index.php?rest_route=\/wp\/v2\/pages\/81"}],"collection":[{"href":"https:\/\/pirjosalo.net\/index.php?rest_route=\/wp\/v2\/pages"}],"about":[{"href":"https:\/\/pirjosalo.net\/index.php?rest_route=\/wp\/v2\/types\/page"}],"author":[{"embeddable":true,"href":"https:\/\/pirjosalo.net\/index.php?rest_route=\/wp\/v2\/users\/1"}],"replies":[{"embeddable":true,"href":"https:\/\/pirjosalo.net\/index.php?rest_route=%2Fwp%2Fv2%2Fcomments&post=81"}],"version-history":[{"count":11,"href":"https:\/\/pirjosalo.net\/index.php?rest_route=\/wp\/v2\/pages\/81\/revisions"}],"predecessor-version":[{"id":863,"href":"https:\/\/pirjosalo.net\/index.php?rest_route=\/wp\/v2\/pages\/81\/revisions\/863"}],"wp:featuredmedia":[{"embeddable":true,"href":"https:\/\/pirjosalo.net\/index.php?rest_route=\/wp\/v2\/media\/594"}],"wp:attachment":[{"href":"https:\/\/pirjosalo.net\/index.php?rest_route=%2Fwp%2Fv2%2Fmedia&parent=81"}],"curies":[{"name":"wp","href":"https:\/\/api.w.org\/{rel}","templated":true}]}}