{"id":656,"date":"2022-03-12T13:33:01","date_gmt":"2022-03-12T11:33:01","guid":{"rendered":"https:\/\/pirjosalo.net\/?page_id=656"},"modified":"2025-12-12T15:29:58","modified_gmt":"2025-12-12T13:29:58","slug":"kotona-kehossa-valmentaja","status":"publish","type":"page","link":"https:\/\/pirjosalo.net\/?page_id=656","title":{"rendered":"Kotona kehossa -valmentaja"},"content":{"rendered":"\n<h3>Kotona kehossa -valmentaja 2026<\/h3>\n\n\n\n<p>Voit osallistua Kotona kehossa-valmentajakoulutukseen jatkona Kotona kehossa-valmennukselle.<\/p>\n\n\n\n<p><\/p>\n\n\n\n<h3>Haluatko ohjata kehotietoisuus- ja kehotunnetaitoja? Saada syvent\u00e4v\u00e4\u00e4 tukea omalle kasvullesi?<\/h3>\n\n\n\n<h3>Tavoitteena<\/h3>\n\n\n\n<p>on kehon viisauden ottaminen ty\u00f6v\u00e4lineeksi toimiessasi erilaisissa ohjaamis-, johtamis- ja opettamisteht\u00e4viss\u00e4.<\/p>\n\n\n\n<p>L\u00f6yd\u00e4 ja kehit\u00e4 itsellesi mielekk\u00e4it\u00e4 tapoja ja keinoja toimia niin, ett\u00e4 oma erityisyytesi ja persoonalliset vahvuutesi voivat tulla esiin entist\u00e4kin vahvemmin! Oman ytimesi laadut, persoonasi, el\u00e4m\u00e4nkokemuksesi ja kehotietoisuuden kautta k\u00e4ym\u00e4si henkil\u00f6kohtaisen tunneprosessin tuoma ymm\u00e4rrys ja viisaus integroituvat osaksi ty\u00f6otettasi kohdatessasi toisia ihmisi\u00e4. T\u00e4m\u00e4 tuo lis\u00e4\u00e4 syvyytt\u00e4 koko ammatilliseen osaamiseesi.<\/p>\n\n\n\n<p>Huomaa: Voit tulla mukaan koulutukseen my\u00f6s oman henkil\u00f6kohtaisen kehityksesi vuoksi, tukeaksesi oman el\u00e4m\u00e4si johtajuutta ja tuodaksesi syvemp\u00e4\u00e4 l\u00e4sn\u00e4oloa ja kohtaamisen laatuja ihmissuhteisiisi.&nbsp; Toisten ihmisten ohjaaminen on my\u00f6s voimallinen keino lis\u00e4t\u00e4 omaa kehotietoista l\u00e4sn\u00e4oloa ja kyky\u00e4 kuunnella kehon kielt\u00e4 ja viisautta.<\/p>\n\n\n\n<p><strong>Koulutus on jatkoa Kotona kehossa -valmennukselle, joka tarjoaa koulutuksen perustan. Jos et ole viel\u00e4 osallistunut valmennukseen, tutustu siihen&nbsp;<a href=\"https:\/\/viisaskeho.fi\/kotona-kehossa-valmennus-2022\/\" target=\"_blank\" rel=\"noreferrer noopener\">t\u00e4st\u00e4<\/a>.<\/strong><\/p>\n\n\n\n<h3>Koulutuksen kolme sis\u00e4lt\u00f6aluetta<\/h3>\n\n\n\n<h3>1. Kehotietoisuuden ja kehotunnetaitojen ohjaamisen perusta<\/h3>\n\n\n\n<p>\u2022 kehit\u00e4t kyky\u00e4, miten ohjata toisia l\u00e4sn\u00e4olon tilaan, kehotietoisuuteen ja oma kehotietoisen kokemuksen tutkimiseen<\/p>\n\n\n\n<p>\u2022 ohjaajan eettiset kysymykset, oman ammattitaidon rajat ja vastuu<\/p>\n\n\n\n<p>\u2022 opit turvallisen tilan luomista, asiakkaan\/ ryhm\u00e4n prosessin seuraamista, stressireaktioiden havaitsemista ja traumasensitiivisyytt\u00e4<\/p>\n\n\n\n<p>\u2022 opit luovan liikkeen ja leikin ohjaamista (esimerkki luovan liikkeen tunnin rakenteesta).<\/p>\n\n\n\n<p>\u2022 hellitt\u00e4minen ja kehoon luottaminen<\/p>\n\n\n\n<p>\u2022 kehon ja tunteiden yhteys, kun ohjaat toisia<\/p>\n\n\n\n<p>\u2022 tunteiden kohtaaminen, n\u00e4hdyksi ja kuulluksi tuleminen<\/p>\n\n\n\n<p>\u2022 tunteiden s\u00e4\u00e4tely<\/p>\n\n\n\n<p>\u2022 keholliset tuntemukset ja j\u00e4nnitystilat<\/p>\n\n\n\n<p>\u2022 syvenn\u00e4t taitoasi k\u00e4ytt\u00e4\u00e4 omaa kehoasi ty\u00f6v\u00e4lineen\u00e4, resonanssi<\/p>\n\n\n\n<p>\u2022 selkeyt\u00e4t, miten erotat intuition ja projektion toisistaan sek\u00e4 kykenet tarjoamaan avoimen mahdollisuuksien tilan toiselle<\/p>\n\n\n\n<p>\u2022 opit, miten ohjata kehotietoisen kokemuksen sanoittamista, jakamista<\/p>\n\n\n\n<p>\u2022 saat keinoja ryhm\u00e4n yhteis\u00f6llisyyden rakentamiseen ja sen tukemiseen<\/p>\n\n\n\n<h3>2. Syvent\u00e4v\u00e4t taidot<\/h3>\n\n\n\n<p>\u2022 erilaisten harjoitusten ohjaaminen (oman harjoitusty\u00f6kalupakin perusta, jota voit my\u00f6hemmin luovasti varioida)<\/p>\n\n\n\n<p>\u2022 ydin\/sielu \u2013 miten koskettaa ja tukea syvemp\u00e4\u00e4 yhteytt\u00e4 ja asiakkaan esiintuloa?<\/p>\n\n\n\n<p>\u2022 miten s\u00e4ilytt\u00e4\u00e4 turvallinen tila ei-tiet\u00e4misen hetkess\u00e4, valmiiksi tiet\u00e4misest\u00e4 luopuminen<\/p>\n\n\n\n<p>\u2022 ohjaajan oma kyky s\u00e4ilytt\u00e4\u00e4 kehollinen l\u00e4sn\u00e4olo ja turva haastavissakin tilanteissa<\/p>\n\n\n\n<h3>3. Miss\u00e4 ja miten sovellan Kotona kehossa -valmentajuuttani?<\/h3>\n\n\n\n<p>\u2022 tarkastelet, mihin haluat tuoda kehon viisauden osaksi ty\u00f6otettasi (esim. ohjata ryhmi\u00e4, henkil\u00f6kohtaisesti, terapia, couchaus, ty\u00f6nohjaus jne. riippuen aiemmasta osaamisestasi)<\/p>\n\n\n\n<p>\u2022 tutkit, mitk\u00e4 ovat sopivia ty\u00f6kaluja ja mit\u00e4 syvyysastetta kehotietoisuuden ohjauksessa tavoittelet. Ovatko ideaaliset asiakkaasi vasta-alkajia\/ jo jonkin verran kokeneita kehotietoisuuden saralla? Mit\u00e4 he kaipaavat? Mik\u00e4 olisi heille sopivia v\u00e4yli\u00e4 kehitty\u00e4 kohti omia tavoitteitaan?<\/p>\n\n\n\n<p>\u2022 tutkit tapoja tuotteistaa ja markkinoida omaa osaamistasi. Keit\u00e4 ovat omat ideaaliasiakkaasi \u2013 keit\u00e4 voita auttaa eniten ja mill\u00e4 tavoin?<\/p>\n\n\n\n<p>Kotona kehossa -valmentajakoulutuksessa oppimiasi taitoja voit k\u00e4ytt\u00e4\u00e4 yksil\u00f6ty\u00f6skentelyss\u00e4 oman olemassa olevan ammattitaitosi lis\u00e4n\u00e4. Opit, miten ottaa kehoa ja sen kielt\u00e4 huomioon.&nbsp; Huomaathan, ett\u00e4 t\u00e4m\u00e4 koulutus ei kuitenkaan keskity varsinaisen Essential motion -yksil\u00f6ohjauksen opettamiseen, mutta tarjoaa elementtej\u00e4 omaaan jo olemassaolevaan ammattitaitoosi.&nbsp;<\/p>\n\n\n<div class=\"wp-block-image\">\n<figure class=\"alignleft is-resized\"><img decoding=\"async\" loading=\"lazy\" src=\"https:\/\/viisaskeho.fi\/wp-content\/uploads\/2021\/02\/DSC_2412-1024x726.jpg\" alt=\"\" width=\"512\" height=\"363\"\/><\/figure><\/div>\n\n\n<h3>Valmennus perustuu pitk\u00e4\u00e4n kokemukseen ja tarkkaan valittuihin ty\u00f6menetelmiin.<\/h3>\n\n\n\n<p>Me valmentajat \u2013 <strong>Pirjo Salo ja Riitta Saarikko<\/strong> \u2013 olemme ty\u00f6skennelleet kehotietoisuuden parissa 1990-luvulta alkaen. Olemme opiskelleet eri menetelmi\u00e4, tutustuneet erilaisiin harjoitusmuotoihin, ty\u00f6skennelleet itsemme kanssa sek\u00e4 tehneet pitk\u00e4\u00e4n asiakasty\u00f6t\u00e4 henkil\u00f6kohtaisesti ja ryhmien kanssa. Haluamme tarjota sinulle huippuvalmennuksen, joka tukee juuri sinun kasvuasi ihmisen\u00e4!<\/p>\n\n\n\n<p>Valmennus tarjoaa my\u00f6s tutkimustietoon perustuvan teoreettisen viitekehyksen, joka auttaa ymm\u00e4rt\u00e4m\u00e4\u00e4n kehoa, kehon reaktioita ja kehotietoisuutta syvemmin. Valmennuksen aikana saat my\u00f6s kirjallista materiaalia ja videoita, jotka tukevat omaa kasvuasi.<\/p>\n\n\n\n<p><a href=\"https:\/\/viisaskeho.fi\/\" target=\"_blank\" rel=\"noreferrer noopener\">Riitan kotisivu<\/a>t<\/p>\n\n\n\n<h3>Nelj\u00e4 el\u00e4m\u00e4nviisautta my\u00f6s t\u00e4m\u00e4n koulutuksen arvopohjana!<\/h3>\n\n\n\n<p>Kotona kehossa -valmennuksen aikana tutkit ja tarkastelit nelj\u00e4\u00e4 Essential Motioninkin perustassa olevaa el\u00e4m\u00e4nviisautta. N\u00e4m\u00e4 nelj\u00e4 asiaa muodostavat arvopohjan my\u00f6s Kotona kehossa -valmentajakoulutuksessa.<\/p>\n\n\n\n<p>1. Hyv\u00e4ksyv\u00e4 tietoinen l\u00e4sn\u00e4olo<\/p>\n\n\n\n<p>2. Mik\u00e4 on itselle aidosti merkityksellist\u00e4?<\/p>\n\n\n\n<p>&nbsp;&nbsp;&nbsp;&nbsp;&nbsp;&nbsp;&nbsp;&nbsp; * kyky kuunnella omaa ydint\u00e4 ja sis\u00e4ist\u00e4 totuutta<\/p>\n\n\n\n<p>3. Oman totuuden ilmaiseminen<\/p>\n\n\n\n<p>&nbsp;&nbsp;&nbsp;&nbsp;&nbsp;&nbsp;&nbsp;&nbsp;&nbsp; * taito tuntea ja ilmaista tunteita sek\u00e4 tiedostaa, mist\u00e4 tunteet kertovat<br>&nbsp;&nbsp;&nbsp;&nbsp;&nbsp;&nbsp;&nbsp;&nbsp;&nbsp; * rakentavan kommunikaation taito<br>&nbsp;&nbsp;&nbsp;&nbsp;&nbsp;&nbsp;&nbsp;&nbsp;&nbsp; * aito kuuntelu<\/p>\n\n\n\n<p>4. Unelmat ja tavoitteet: avoimuus vastaanottaa kiinnittym\u00e4tt\u00e4 tiettyyn lopputulokseen.<\/p>\n\n\n\n<h3>Mit\u00e4 teht\u00e4vi\u00e4 kuuluu Kotona kehossa -valmentajakoulutukseen?<\/h3>\n\n\n\n<p>\u2022 osallistuminen l\u00e4hiopetusp\u00e4iviin, yhteens\u00e4 10 p\u00e4iv\u00e4\u00e4. N\u00e4m\u00e4 p\u00e4iv\u00e4t ovat yhdess\u00e4 Kotona kehossa -valmennuksen kanssa, mutta valmentaja-koulutukseen osallistuville on p\u00e4iviss\u00e4 omia teht\u00e4vi\u00e4 sek\u00e4 5* 30 min erillinen osio (su-p\u00e4ivien lopuksi).&nbsp;<\/p>\n\n\n\n<p>\u2022 alkuhaastattelu (1h) sek\u00e4 valmentaja-koulutuksen omia zoom-tapaamisia (esim. 3 x 1,5h), l\u00e4hitapaamisia ryhm\u00e4ss\u00e4 (esim. 6h) tai henkil\u00f6kohtaista ty\u00f6nohjausta. T\u00e4m\u00e4 osio sovitaan yksil\u00f6llisesti ja riippuu sinun tavoitteistasi ja tarpeistasi.<\/p>\n\n\n\n<p>\u2022 zoom-tapaamiset (4 x l\u00e4hitapaamisten v\u00e4liss\u00e4 yhdess\u00e4 Kotona kehossa -valmennusryhm\u00e4n kanssa).<\/p>\n\n\n\n<p>\u2022 oma ryhm\u00e4 tai 2-3 henkil\u00f6\u00e4, joita ohjaat valmennuksen aikana omalla ajallasi (jos olet mukana oman kasvusi vuoksi, henkil\u00f6t voivat olla tuttaviasi, joiden kanssa sovit prosessista). L\u00e4hiopetusp\u00e4iviin sis\u00e4ltyy ty\u00f6nohjauksellinen osuus, jossa omaa toimimista ohjaajana on tila reflektoida ryhm\u00e4n tuella.<\/p>\n\n\n\n<p>\u2022 suositeltuun kirjallisuuteen ym. oheismateriaaliin perehtyminen, kehotietoiset harjoitukset omassa el\u00e4m\u00e4ss\u00e4.<\/p>\n\n\n\n<p>\u2022 lopputy\u00f6 omasta ohjaajuudesta: luova esitys ryhm\u00e4lle ja vapaamuotoinen kirjallinen (tai videoitu) yhteenveto<\/p>\n\n\n\n<p>\u2022 Kotona kehossa -miniseminaari\/p\u00e4iv\u00e4, yleis\u00f6lle avoin tapahtuma, jossa sinulla oma workshop tai esitys. Tapahtuman markkinoinnin suunnittelu ja markkinointi yhteisty\u00f6ss\u00e4.<\/p>\n\n\n\n<p>Koulutus tukee sinun osaamistasi ja tarjoaa tilan, jossa voit saada ohjaajilta ja ryhm\u00e4lt\u00e4 tukea uusiin askeleisiin. Tarkoituksena my\u00f6s on, ett\u00e4 voit nivoa vaaditut teht\u00e4v\u00e4t osaksi omaa kehityst\u00e4si niin, ett\u00e4 ne tuntuvat merkityksellisilt\u00e4 ja tukevat sinua \u2013 eiv\u00e4t ole \u201csuorituksia\u201d suoritusten vuoksi. My\u00f6s koulutusp\u00e4ivien sis\u00e4lt\u00f6\u00f6n voit vaikuttaa esitt\u00e4m\u00e4ll\u00e4, mit\u00e4 tarpeita ja toiveita sinulla on.<\/p>\n\n\n\n<h3>Valmennusjaksoista kolme pidet\u00e4\u00e4n Tampereella ja kaksi retriitti\u00e4 Kemi\u00f6nsaarella +nelj\u00e4 v\u00e4litapaamista zoom-yhteydell\u00e4. Lis\u00e4ksi erikseen sovittavat erikoisosiot ohjaamisesta( zoom, Tampere ja Kemi\u00f6nsaari).<\/h3>\n\n\n\n<p><strong>Aikataulu:<\/strong><\/p>\n\n\n\n<p>28.3.2026 Zoom-tapaaminen. klo 10.00-13.00<\/p>\n\n\n\n<p>18-19.4.2026 Tampere la klo 10-17, su klo 9.30-15.15.<\/p>\n\n\n\n<p>9.5.2026 Zoom klo 10.00-13.00.<\/p>\n\n\n\n<p>13-14.6.2026 Kemi\u00f6nsaari, V\u00e4stanfj\u00e4rd, la klo 10-17, su klo 9.30-15.15.<\/p>\n\n\n\n<p>15-16.8.2026 Kemi\u00f6nsaari, V\u00e4stanfj\u00e4rd, la klo 10-17, su klo 9.30-15.15.<\/p>\n\n\n\n<p>12.9.2026 Zoom klo 10.00-13.00.<\/p>\n\n\n\n<p>3-4.10.2026 Tampere, la klo 10-17 ka su klo 9.30-15.15.<\/p>\n\n\n\n<p>14.11.2026 Zoom klo 10.00-13.00.<\/p>\n\n\n\n<p>12-13.12.2026 la klo 10-17, su klo 9.30-15.15. P\u00e4\u00e4t\u00f6sjakso.<\/p>\n\n\n\n<p><\/p>\n\n\n\n<p>Tampere: Uudenkyl\u00e4nkuja 2, 33530 Tampere<\/p>\n\n\n\n<p>Kemi\u00f6nsaari: Villa Ulrika, Vestanvikintie 72, 25830 V\u00e4stanfj\u00e4rd ( edullinen kotimajoitus, ty\u00f6skentelypaikka V\u00e5rdkasen-nuorisoseuratalo)<\/p>\n\n\n<div class=\"wp-block-image\">\n<figure class=\"alignleft is-resized\"><img decoding=\"async\" loading=\"lazy\" src=\"https:\/\/viisaskeho.fi\/wp-content\/uploads\/2022\/03\/rope-1469244_1920-620x410-1.jpg\" alt=\"\" width=\"465\" height=\"308\"\/><\/figure><\/div>\n\n\n<h3>Kotona kehossa -valmentaja koulutus<\/h3>\n\n\n\n<ul>\n<li>syvent\u00e4\u00e4 taitoasi ohjata kehotietoisesti toisia.&nbsp;<\/li>\n\n\n\n<li>koulutuksen aikana voit rauhassa kuulostella, mit\u00e4 elementtej\u00e4 haluat integroida omaan ty\u00f6otteeseesi.<\/li>\n\n\n\n<li>voit kehitt\u00e4\u00e4 omanlaista ty\u00f6otettasi ja reflektoida kokemuksista Riitan ja Pirjon tuella.<\/li>\n\n\n\n<li>antaa tilaa luovuudellesi ja kuulostella, mik\u00e4 on sinulle syd\u00e4mess\u00e4 merkityksellist\u00e4 toisten ohjaamisessa.<\/li>\n\n\n\n<li>tarjoaa ymm\u00e4rryst\u00e4 traumasensitiivisyydest\u00e4.<\/li>\n<\/ul>\n\n\n\n<p><strong>KOTONA KEHOSSA- VALMENTAJAT<\/strong><\/p>\n\n\n\n<p>Kaisu Ohra-aho ja Pirjo Mikkola ovat suorittaneet&#8221;pioneereina&#8221; Kotona kehossa-valmentajakoulutuksen vuonna 2022. Haluatko tiet\u00e4\u00e4 heid\u00e4n kokemuksistaan lis\u00e4\u00e4? Ota yhteytt\u00e4! Katso yhteystiedot: <\/p>\n\n\n\n<p>https\/www.hoitohuonekivuton.fi\/\/<\/p>\n\n\n\n<p><\/p>\n\n\n\n<h3>Hinta:<\/h3>\n\n\n\n<p>218 \u20ac\/ kk (sis alv 25,5%) , yht. 10 kuukauden ajan. Lis\u00e4ksi rekister\u00f6intimaksu 335 \u20ac (sis alv 25,5%).\u00a0<\/p>\n\n\n\n<p>Hinta sis\u00e4lt\u00e4\u00e4 valmennuksen, materiaalit sek\u00e4 l\u00e4hijaksop\u00e4ivin\u00e4 v\u00e4lipalat. HUOM! Jos hinta on sinun budjettiisi n\u00e4hden liian korkea, voit kysy\u00e4 pidennetty\u00e4 maksuaikataulua tai stipendialennusta erillisell\u00e4 hakemuksella.<\/p>\n\n\n\n<p>L\u00e4htiess\u00e4si valmennukseen sitoudut 10 kk matkalle. Jos et ole tyytyv\u00e4inen, voit keskeytt\u00e4\u00e4 valmennuksen ensimm\u00e4isen l\u00e4hijakson j\u00e4lkeen (maksuna varausmaksu + ensimm\u00e4isen kuukauden kk-maksu). T\u00e4m\u00e4n j\u00e4lkeen olet sitoutunut maksamaan koko valmennuksen maksun (poikkeus: vakava sairaus).&nbsp;<\/p>\n\n\n\n<h3>Tervetuloa mukaan mielenkiintoiselle matkalle!<\/h3>\n\n\n\n<h3>Kysytt\u00e4v\u00e4\u00e4? Ota yhteytt\u00e4!<\/h3>\n\n\n\n<p>Riitta Saarikko. puh. 050 3676891, riitta(at)viisaskeho.fi<\/p>\n\n\n\n<p>Pirjo Salo, puh. 040 7552016, pirjo(at)pirjosalo.net<\/p>\n","protected":false},"excerpt":{"rendered":"<p>Kotona kehossa -valmentaja 2026 Voit osallistua Kotona kehossa-valmentajakoulutukseen jatkona Kotona kehossa-valmennukselle. Haluatko ohjata kehotietoisuus- ja kehotunnetaitoja? Saada syvent\u00e4v\u00e4\u00e4 tukea omalle kasvullesi? Tavoitteena on kehon viisauden ottaminen ty\u00f6v\u00e4lineeksi toimiessasi erilaisissa ohjaamis-, &hellip; <\/p>\n","protected":false},"author":1,"featured_media":0,"parent":0,"menu_order":0,"comment_status":"closed","ping_status":"closed","template":"","meta":[],"_links":{"self":[{"href":"https:\/\/pirjosalo.net\/index.php?rest_route=\/wp\/v2\/pages\/656"}],"collection":[{"href":"https:\/\/pirjosalo.net\/index.php?rest_route=\/wp\/v2\/pages"}],"about":[{"href":"https:\/\/pirjosalo.net\/index.php?rest_route=\/wp\/v2\/types\/page"}],"author":[{"embeddable":true,"href":"https:\/\/pirjosalo.net\/index.php?rest_route=\/wp\/v2\/users\/1"}],"replies":[{"embeddable":true,"href":"https:\/\/pirjosalo.net\/index.php?rest_route=%2Fwp%2Fv2%2Fcomments&post=656"}],"version-history":[{"count":9,"href":"https:\/\/pirjosalo.net\/index.php?rest_route=\/wp\/v2\/pages\/656\/revisions"}],"predecessor-version":[{"id":914,"href":"https:\/\/pirjosalo.net\/index.php?rest_route=\/wp\/v2\/pages\/656\/revisions\/914"}],"wp:attachment":[{"href":"https:\/\/pirjosalo.net\/index.php?rest_route=%2Fwp%2Fv2%2Fmedia&parent=656"}],"curies":[{"name":"wp","href":"https:\/\/api.w.org\/{rel}","templated":true}]}}