{"id":31,"date":"2012-11-01T16:18:45","date_gmt":"2012-11-01T14:18:45","guid":{"rendered":"http:\/\/pirjosalo.net\/test1\/?page_id=31"},"modified":"2025-01-02T07:16:27","modified_gmt":"2025-01-02T05:16:27","slug":"essential-motion","status":"publish","type":"page","link":"https:\/\/pirjosalo.net\/?page_id=31","title":{"rendered":"Psykofyysinen l\u00e4hestymistapa"},"content":{"rendered":"<p><em>*Rosen-kehoterapia<\/em><\/p>\n<p><em>*Essential Motion<\/em><\/p>\n<p><em>Rosen-kehoterapia 85\u20ac<br \/><\/em><\/p>\n<p>tunnin istunnossa voit pys\u00e4hty\u00e4 kuuntelemaan kehoasi. Rosen-hoidon sallivassa, tietoisessa kosketuksessa voit hellitt\u00e4\u00e4 kroonisista lihasj\u00e4nnityksist\u00e4. suorittamisesta ja tunteiden pid\u00e4ttelyst\u00e4 sek\u00e4 tunnelukoista.<\/p>\n<p>Koe lempe\u00e4, mutta tuntuva kehok\u00e4sittely ja salli rentoutumisen kautta enemm\u00e4n helppoutta ja tilaa hengitykselle ja hyvinvoinnille.<\/p>\n<p>Terapeutin\u00a0 l\u00e4sn\u00e4olevan kosketuksen ja sanallisen peilauksen avulla asiakas tulee tietoisemmaksi kehossaan olevista j\u00e4nnityksist\u00e4, tavastaan olla ja hengitt\u00e4\u00e4. Kehon tiedostamisen kautta alkaa muodostua lis\u00e4\u00e4 yhteytt\u00e4 my\u00f6s omaan sisimp\u00e4\u00e4n.<\/p>\n<p>Rosen-kehoterapiassa aktivoituu elimist\u00f6n luonnollinen pyrkimys kohti rentoutta ja vapautta.<\/p>\n<p>El\u00e4m\u00e4 alkaa muuttua, kun tutustumme syv\u00e4ll\u00e4 itsess\u00e4mme oleviin pid\u00e4kkeisiin emmek\u00e4 en\u00e4\u00e4 suostu sulkemaan tunteitamme pois.<\/p>\n<p>Vapautuminen n\u00e4kyy ja tuntuu muutoksena monella tasolla. Hengitys helpottuu, liikkuminen ja kehon asento muuttuvat rennommiksi, uni levollisemmaksi. Omia tunteita, tarpeita ja mielipiteit\u00e4 on helpompi tunnistaa ja ilmaista. Eheytyv\u00e4, tietoisempi kehonkuva ja lis\u00e4\u00e4ntyv\u00e4 itseymm\u00e4rrys avaavat uudenlaisia ajattelu-ja toimintamalleja, jotka ovat mahdollisia nykyisess\u00e4 el\u00e4m\u00e4ntilanteessa.<\/p>\n<p>Rosen-menetelm\u00e4 on fysioterapeutti Marion Rosenin kehitt\u00e4m\u00e4 syv\u00e4rentoutusmenetelm\u00e4. Se lis\u00e4\u00e4 liikkuvuutta ja elinvoimaa sek\u00e4 syvent\u00e4\u00e4 fyysist\u00e4 ja psyykkist\u00e4 tietoisuutta. Mieli unohtaa-keho muistaa.<\/p>\n<p>\u00a0<\/p>\n<p><a href=\"http:\/\/www.rosenterapeutit.fi\">www.rosenterapeutit.fi<\/a><\/p>\n<p><a href=\"http:\/\/www.suomenrosenterapeutit.fi\"> www.suomenrosenterapeutit.fi<\/a><\/p>\n<p><em>Essential Motion -yksil\u00f6ohjaus 85\u20ac<br \/><\/em><\/p>\n<p>Haluatko l\u00f6yt\u00e4\u00e4 lis\u00e4\u00e4 l\u00e4sn\u00e4oloa kehossasi lempe\u00e4sti ?<\/p>\n<p><strong>Yksil\u00f6ohjaus<\/strong>\u00a0 Sopii, kun haluat tuntea paremmin yhteyden voimaasi , kaipaat enemm\u00e4n l\u00e4sn\u00e4oloa kehossasi tai sinulla on jokin askarruttava asia el\u00e4m\u00e4ss\u00e4. Tunnin aikana sinulla on mahdollisuus kuunnella ja tutkia\u00a0 kehon kautta turvallisesti, sallivassa ohjauksessa.<\/p>\n<p>\u00a0<\/p>\n<p><strong>Ryhm\u00e4t <\/strong><\/p>\n<p>*L\u00e4sn\u00e4oloa liikkeess\u00e4* light(1-1,5t\/kerta) on helppoa ja rentouttavaa.Se sopii stressinhallintaan ja keskittymiskyvyn sek\u00e4 unen laadun parantamiseen.<\/p>\n<p>Tervetuloa her\u00e4tt\u00e4m\u00e4\u00e4n kehosi luonnollisella liikkeell\u00e4 l\u00e4sn\u00e4oloon!<\/p>\n<p>Essential Motion-basic (2t, p\u00e4iv\u00e4 tai viikonloppu) Lempe\u00e4sti her\u00e4tell\u00e4\u00e4n spontania eloisaa liikkeen iloa ja l\u00e4sn\u00e4oloa. Lepoa ja rentoutushetki\u00e4. Auttaa tutustumaan omaan liikekieleen, sen rajoituksiin ja mahdollisuuksiin turvallisessa ilmapiiriss\u00e4, sallien jokaisen yksil\u00f6llisyyden. Vahvistaa toisia kunnioittavaa vuorovaikutusta, itsetuntemusta, iloa kehollisuudesta ja liikkumisesta sek\u00e4 tunteiden k\u00e4sittelytaitoja. Sopii mm. omasta hyvinvoinnistaan kiinostuneille, inspiraation l\u00e4hteeksi, ty\u00f6hyvinvoinnin tueksi ja kehoaan ilmaisun v\u00e4lineen\u00e4 k\u00e4ytt\u00e4ville.<\/p>\n<p><a href=\"http:\/\/pirjosalo.net\/test1\/wp-content\/uploads\/2012\/11\/web_038_Yht.jpg\"><img decoding=\"async\" loading=\"lazy\" class=\"wp-image-68 alignleft\" title=\"Essential Motion\" src=\"http:\/\/pirjosalo.net\/test1\/wp-content\/uploads\/2012\/11\/web_038_Yht-300x205.jpg\" alt=\"Essential Motion\" width=\"300\" height=\"205\" srcset=\"https:\/\/pirjosalo.net\/test1\/wp-content\/uploads\/2012\/11\/web_038_Yht-300x205.jpg 300w, https:\/\/pirjosalo.net\/test1\/wp-content\/uploads\/2012\/11\/web_038_Yht-438x300.jpg 438w, https:\/\/pirjosalo.net\/test1\/wp-content\/uploads\/2012\/11\/web_038_Yht.jpg 500w\" sizes=\"(max-width: 300px) 100vw, 300px\" \/><\/a><\/p>\n<p>Essential Motion professional (sovitusti tapaamisia)<br \/>Sopii t\u00e4ydennyskoulutukseksi tai ty\u00f6nohjaukseksi Sinulle, joka toimit ihmissuhdealalla tai k\u00e4yt\u00e4t kehoasi ilmaisun v\u00e4lineen\u00e4.Tapaamiset voivat keskitty\u00e4 esim. stressinhallintaan, tunteiden k\u00e4sittelyyn ja oman kuormittumisen ehk\u00e4isemiseen tai omaan ilmaisuun tai esiintymistaitoihin. Tarkoituksena vahvistaa miten keho ja kyky olla l\u00e4sn\u00e4 voivat olla voimavarasi ja tukesi omassa ammatissasi.<\/p>\n<p>Essential Motion on keho-ja tanssiterapeutti Karen Roeperin kehitt\u00e4m\u00e4 inspiroima menetelm\u00e4 itsetuntemukseen, vuorovaikutukseen ja keholliseen ilmaisuun. Voimallinen ja monipuolinen l\u00e4hestymistapa, joka vahvistaa ydinminuutta sek\u00e4 avaa aitoutta.<\/p>\n<p>Tilaa ryhm\u00e4llesi sopiva paketti, kysy avoimista ryhmist\u00e4 tai yksitysvastaanotosta !<\/p>\n<p>Ryhm\u00e4tuntien hinnat koostuvat tilavuokrat huomioiden.\u00a0 My\u00f6s Smartum ja Edenred k\u00e4yv\u00e4t maksuv\u00e4lineen\u00e4.<\/p>\n<p><a href=\"http:\/\/www.essential-motion.fi\">www.essential-motion.fi<\/a><\/p>\n\n\n<p><\/p>\n","protected":false},"excerpt":{"rendered":"<p>*Rosen-kehoterapia *Essential Motion Rosen-kehoterapia 85\u20ac tunnin istunnossa voit pys\u00e4hty\u00e4 kuuntelemaan kehoasi. Rosen-hoidon sallivassa, tietoisessa kosketuksessa voit hellitt\u00e4\u00e4 kroonisista lihasj\u00e4nnityksist\u00e4. suorittamisesta ja tunteiden pid\u00e4ttelyst\u00e4 sek\u00e4 tunnelukoista. Koe lempe\u00e4, mutta tuntuva kehok\u00e4sittely &hellip; <\/p>\n","protected":false},"author":1,"featured_media":68,"parent":0,"menu_order":1,"comment_status":"closed","ping_status":"closed","template":"","meta":[],"_links":{"self":[{"href":"https:\/\/pirjosalo.net\/index.php?rest_route=\/wp\/v2\/pages\/31"}],"collection":[{"href":"https:\/\/pirjosalo.net\/index.php?rest_route=\/wp\/v2\/pages"}],"about":[{"href":"https:\/\/pirjosalo.net\/index.php?rest_route=\/wp\/v2\/types\/page"}],"author":[{"embeddable":true,"href":"https:\/\/pirjosalo.net\/index.php?rest_route=\/wp\/v2\/users\/1"}],"replies":[{"embeddable":true,"href":"https:\/\/pirjosalo.net\/index.php?rest_route=%2Fwp%2Fv2%2Fcomments&post=31"}],"version-history":[{"count":29,"href":"https:\/\/pirjosalo.net\/index.php?rest_route=\/wp\/v2\/pages\/31\/revisions"}],"predecessor-version":[{"id":864,"href":"https:\/\/pirjosalo.net\/index.php?rest_route=\/wp\/v2\/pages\/31\/revisions\/864"}],"wp:featuredmedia":[{"embeddable":true,"href":"https:\/\/pirjosalo.net\/index.php?rest_route=\/wp\/v2\/media\/68"}],"wp:attachment":[{"href":"https:\/\/pirjosalo.net\/index.php?rest_route=%2Fwp%2Fv2%2Fmedia&parent=31"}],"curies":[{"name":"wp","href":"https:\/\/api.w.org\/{rel}","templated":true}]}}