{"id":25,"date":"2012-11-01T15:43:24","date_gmt":"2012-11-01T13:43:24","guid":{"rendered":"http:\/\/pirjosalo.net\/test1\/?page_id=25"},"modified":"2021-05-19T20:40:39","modified_gmt":"2021-05-19T18:40:39","slug":"etusivu","status":"publish","type":"page","link":"https:\/\/pirjosalo.net\/","title":{"rendered":"Pirjo Salo, Hyvinvointipalvelut"},"content":{"rendered":"<p>Miten voit kehossasi ?<\/p>\n<p>Haluatko yst\u00e4vysty\u00e4 itsesi kanssa paremmin ?<\/p>\n<p>Keho- ja liikety\u00f6skentelyn avulla se on mahdollista.<\/p>\n<p>Yksil\u00f6ty\u00f6skentelyss\u00e4 tunnin istunnossa voit kuunnelle kehon tuntemuksia l\u00e4sn\u00e4olevan kosketuksen avulla, Rosen-kehoterapia tai liikety\u00f6skentelyss\u00e4, Essential Motion. Etenemme sinun toiveitasi ja kehosi viisautta kuunnellen. Voit saada yhteytt\u00e4 kokemuksiin ja tunteisiin. Se mahdollistaa inhimillisen kasvun ihmisen\u00e4.<\/p>\n<p>Ryhm\u00e4ty\u00f6skentelyss\u00e4 turvallisessa tilassa, helposti l\u00e4hestytt\u00e4vien harjoitusten avulla on mahdollista kohdata itse\u00e4 ja muita.<\/p>\n<p><a href=\"http:\/\/pirjosalo.net\/test1\/wp-content\/uploads\/2012\/11\/web_52.jpg\"><img decoding=\"async\" loading=\"lazy\" class=\"alignright size-medium wp-image-62\" title=\"Pirjo Salo\" src=\"http:\/\/pirjosalo.net\/test1\/wp-content\/uploads\/2012\/11\/web_52-196x300.jpg\" alt=\"Pirjo Salo, hyvinvointipalvelut\" width=\"196\" height=\"300\" srcset=\"https:\/\/pirjosalo.net\/test1\/wp-content\/uploads\/2012\/11\/web_52-196x300.jpg 196w, https:\/\/pirjosalo.net\/test1\/wp-content\/uploads\/2012\/11\/web_52.jpg 328w\" sizes=\"(max-width: 196px) 100vw, 196px\" \/><\/a><\/p>\n<p>Minulle t\u00e4rke\u00e4\u00e4 ty\u00f6ss\u00e4ni on syvempi kokonaisvaltainen kohtaaminen.<\/p>\n<p>Ota yhteytt\u00e4.<\/p>\n<p>Kehotietoisuusvalmentaja Pirjo Salo<br \/>\npuh. 040 755 2016<\/p>\n","protected":false},"excerpt":{"rendered":"<p>Miten voit kehossasi ? Haluatko yst\u00e4vysty\u00e4 itsesi kanssa paremmin ? Keho- ja liikety\u00f6skentelyn avulla se on mahdollista. Yksil\u00f6ty\u00f6skentelyss\u00e4 tunnin istunnossa voit kuunnelle kehon tuntemuksia l\u00e4sn\u00e4olevan kosketuksen avulla, Rosen-kehoterapia tai liikety\u00f6skentelyss\u00e4, &hellip; <\/p>\n","protected":false},"author":1,"featured_media":0,"parent":0,"menu_order":0,"comment_status":"closed","ping_status":"closed","template":"","meta":[],"_links":{"self":[{"href":"https:\/\/pirjosalo.net\/index.php?rest_route=\/wp\/v2\/pages\/25"}],"collection":[{"href":"https:\/\/pirjosalo.net\/index.php?rest_route=\/wp\/v2\/pages"}],"about":[{"href":"https:\/\/pirjosalo.net\/index.php?rest_route=\/wp\/v2\/types\/page"}],"author":[{"embeddable":true,"href":"https:\/\/pirjosalo.net\/index.php?rest_route=\/wp\/v2\/users\/1"}],"replies":[{"embeddable":true,"href":"https:\/\/pirjosalo.net\/index.php?rest_route=%2Fwp%2Fv2%2Fcomments&post=25"}],"version-history":[{"count":6,"href":"https:\/\/pirjosalo.net\/index.php?rest_route=\/wp\/v2\/pages\/25\/revisions"}],"predecessor-version":[{"id":578,"href":"https:\/\/pirjosalo.net\/index.php?rest_route=\/wp\/v2\/pages\/25\/revisions\/578"}],"wp:attachment":[{"href":"https:\/\/pirjosalo.net\/index.php?rest_route=%2Fwp%2Fv2%2Fmedia&parent=25"}],"curies":[{"name":"wp","href":"https:\/\/api.w.org\/{rel}","templated":true}]}}